{"id":61,"date":"2023-03-01T17:34:28","date_gmt":"2023-03-01T17:34:28","guid":{"rendered":"https:\/\/vadrouilleriesetcie.fr\/?page_id=61"},"modified":"2026-04-30T13:28:39","modified_gmt":"2026-04-30T13:28:39","slug":"a-la-recherche-du-gardien-de-tours","status":"publish","type":"page","link":"https:\/\/vadrouilleriesetcie.fr\/","title":{"rendered":"\u00c0 la recherche du gardien de Tours\u00a0: votre jeu de piste \u00e0 Tours"},"content":{"rendered":"\n<p class=\"has-text-align-left\">Vous cherchez une activit\u00e9 originale et conviviale \u00e0 faire en famille \u00e0 Tours ?<br>Et si vous transformiez la d\u00e9couverte de la ville en une v\u00e9ritable aventure gr\u00e2ce \u00e0 un <strong>jeu de piste \u00e0 Tours<\/strong> unique en son genre ?<\/p>\n\n\n\n<h2 class=\"wp-block-heading has-text-align-left\">Un jeu de piste grandeur nature<\/h2>\n\n\n\n<p class=\"has-text-align-left\">Depuis juin 2022, <strong>Vadrouilleries &amp; Cie<\/strong> propose <em>\u00ab \u00c0 la recherche du gardien de Tours \u00bb<\/em>, un <strong>jeu \u00e0 Tours<\/strong> pens\u00e9 pour les <a href=\"https:\/\/vadrouilleriesetcie.fr\/index.php\/jeu-de-piste-enfant-tours\/\">familles<\/a>, les <a href=\"https:\/\/vadrouilleriesetcie.fr\/index.php\/scolaires\/\">scolaires<\/a> et les <a href=\"https:\/\/vadrouilleriesetcie.fr\/index.php\/visite-ludique-tours-centres-de-loisirs\/\">centres de loisirs<\/a>.<br>Loin d\u2019une simple visite guid\u00e9e, ce parcours immersif vous plonge dans l\u2019histoire et les secrets de la ville.<br>Le but ? R\u00e9soudre des \u00e9nigmes en \u00e9quipe, avancer \u00e9tape apr\u00e8s \u00e9tape et percer le myst\u00e8re du gardien de Tours.<br>\ud83d\udc49 Avec ce <strong>jeu de piste dans la cit\u00e9 Tourangelle<\/strong>, petits et grands explorent la ville de mani\u00e8re ludique, \u00e9ducative et interactive.<\/p>\n\n\n\n<h2 class=\"wp-block-heading has-text-align-left has-medium-font-size\">Un jeu de piste \u00e0 Tours pour toute la famille mais pas seulement !<\/h2>\n\n\n\n<p>Ce <strong>jeu de piste Tours<\/strong> est accessible d\u00e8s 5 ans et s\u2019adresse \u00e0 diff\u00e9rents publics :<\/p>\n\n\n\n<ul class=\"wp-block-list\">\n<li>\ud83d\udc68\u200d\ud83d\udc69\u200d\ud83d\udc67\u200d\ud83d\udc66 <strong>Les familles<\/strong> : une activit\u00e9 id\u00e9ale pour partager un moment complice loin des \u00e9crans.<\/li>\n\n\n\n<li>\ud83c\udf92 <strong>Les scolaires<\/strong> : un outil p\u00e9dagogique qui permet de d\u00e9couvrir le patrimoine en s\u2019amusant.<\/li>\n\n\n\n<li>\ud83c\udfd5\ufe0f <strong>Les centres de loisirs<\/strong> : une sortie originale favorisant la coop\u00e9ration et l\u2019esprit d\u2019\u00e9quipe.<\/li>\n<\/ul>\n\n\n\n<p>Contrairement aux applis num\u00e9riques, vous partez avec un <strong>kit de jeu physique<\/strong>. C\u2019est ce qui fait toute la diff\u00e9rence : chaque enfant et chaque adulte peut manipuler, r\u00e9fl\u00e9chir et participer activement \u00e0 l\u2019aventure.<\/p>\n\n\n\n<p>En participant \u00e0 ce <strong>jeu de piste \u00e0 Tours<\/strong>, vous ne faites pas qu\u2019apprendre l\u2019histoire de la ville, vous la vivez !<\/p>\n\n\n\n<h2 class=\"wp-block-heading has-medium-font-size\">Pr\u00eat \u00e0 vivre une aventure pas comme les autres ?<\/h2>\n\n\n\n<p>\ud83d\udc49 R\u00e9servez d\u00e8s maintenant votre session <em>\u00ab \u00c0 la recherche du gardien de Tours \u00bb<\/em> et laissez-vous embarquer dans le plus original des <strong>jeux de piste \u00e0 Tours<\/strong>.<\/p>\n\n\n\n<div class=\"wp-block-buttons is-content-justification-center is-layout-flex wp-container-core-buttons-is-layout-1 wp-block-buttons-is-layout-flex\">\n<div class=\"wp-block-button\"><a class=\"wp-block-button__link has-white-color has-tertiary-background-color has-text-color has-background has-link-color wp-element-button\" href=\"https:\/\/www.billetweb.fr\/la-recherche-du-gardien-de-tours\"><strong>R\u00e9servation<\/strong><\/a><\/div>\n<\/div>\n\n\n\n<p>Une fa\u00e7on unique de d\u00e9couvrir la ville, de cr\u00e9er des souvenirs en famille et de profiter d\u2019une v\u00e9ritable <strong>visite ludique de Tours<\/strong>.<\/p>\n\n\n\n<h2 class=\"wp-block-heading has-text-align-left has-extra-large-font-size\"><strong>Actualit\u00e9s<\/strong><\/h2>\n\n\n\n<p><\/p>\n\n\n<div class=\"wp-block-image\">\n<figure class=\"aligncenter size-full is-resized\"><img loading=\"lazy\" decoding=\"async\" width=\"940\" height=\"788\" src=\"https:\/\/vadrouilleriesetcie.fr\/wp-content\/uploads\/2026\/03\/Saison-2026-fb.png\" alt=\"Jeu de piste Tours\" class=\"wp-image-717\" style=\"width:428px;height:auto\" srcset=\"https:\/\/vadrouilleriesetcie.fr\/wp-content\/uploads\/2026\/03\/Saison-2026-fb.png 940w, https:\/\/vadrouilleriesetcie.fr\/wp-content\/uploads\/2026\/03\/Saison-2026-fb-300x251.png 300w, https:\/\/vadrouilleriesetcie.fr\/wp-content\/uploads\/2026\/03\/Saison-2026-fb-768x644.png 768w\" sizes=\"auto, (max-width: 940px) 100vw, 940px\" \/><\/figure><\/div>","protected":false},"excerpt":{"rendered":"<p>Vous cherchez une activit\u00e9 originale et conviviale \u00e0 faire en famille \u00e0 Tours ?Et si vous transformiez la d\u00e9couverte de la ville en une v\u00e9ritable&hellip;<\/p>\n","protected":false},"author":1,"featured_media":0,"parent":0,"menu_order":0,"comment_status":"closed","ping_status":"closed","template":"","meta":{"_uag_custom_page_level_css":"","footnotes":""},"class_list":["post-61","page","type-page","status-publish","hentry"],"yoast_head":"<!-- This site is optimized with the Yoast SEO plugin v26.0 - https:\/\/yoast.com\/wordpress\/plugins\/seo\/ -->\n<title>Jeu de piste Tours : Vadrouilleries &amp; Cie<\/title>\n<meta name=\"description\" content=\"D\u00e9couvrez \u00e0 Tours ce jeu de piste ludique et p\u00e9dagogique pour explorer la ville autrement avec des enfants !\" \/>\n<meta name=\"robots\" content=\"index, follow, max-snippet:-1, max-image-preview:large, max-video-preview:-1\" \/>\n<link rel=\"canonical\" href=\"https:\/\/vadrouilleriesetcie.fr\/\" \/>\n<meta property=\"og:locale\" content=\"fr_FR\" \/>\n<meta property=\"og:type\" content=\"article\" \/>\n<meta property=\"og:title\" content=\"Jeu de piste Tours : Vadrouilleries &amp; Cie\" \/>\n<meta property=\"og:description\" content=\"D\u00e9couvrez \u00e0 Tours ce jeu de piste ludique et p\u00e9dagogique pour explorer la ville autrement avec des enfants !\" \/>\n<meta property=\"og:url\" content=\"https:\/\/vadrouilleriesetcie.fr\/\" \/>\n<meta property=\"og:site_name\" content=\"Vadrouilleries &amp; Cie\" \/>\n<meta property=\"article:publisher\" content=\"https:\/\/www.facebook.com\/vadrouilleries.et.cie\" \/>\n<meta property=\"article:modified_time\" content=\"2026-04-30T13:28:39+00:00\" \/>\n<meta property=\"og:image\" content=\"https:\/\/vadrouilleriesetcie.fr\/wp-content\/uploads\/2026\/03\/Saison-2026-fb.png\" \/>\n\t<meta property=\"og:image:width\" content=\"940\" \/>\n\t<meta property=\"og:image:height\" content=\"788\" \/>\n\t<meta property=\"og:image:type\" content=\"image\/png\" \/>\n<meta name=\"twitter:card\" content=\"summary_large_image\" \/>\n<meta name=\"twitter:label1\" content=\"Dur\u00e9e de lecture estim\u00e9e\" \/>\n\t<meta name=\"twitter:data1\" content=\"2 minutes\" \/>\n<script type=\"application\/ld+json\" class=\"yoast-schema-graph\">{\"@context\":\"https:\/\/schema.org\",\"@graph\":[{\"@type\":\"WebPage\",\"@id\":\"https:\/\/vadrouilleriesetcie.fr\/\",\"url\":\"https:\/\/vadrouilleriesetcie.fr\/\",\"name\":\"Jeu de piste Tours : Vadrouilleries & Cie\",\"isPartOf\":{\"@id\":\"https:\/\/vadrouilleriesetcie.fr\/#website\"},\"primaryImageOfPage\":{\"@id\":\"https:\/\/vadrouilleriesetcie.fr\/#primaryimage\"},\"image\":{\"@id\":\"https:\/\/vadrouilleriesetcie.fr\/#primaryimage\"},\"thumbnailUrl\":\"https:\/\/vadrouilleriesetcie.fr\/wp-content\/uploads\/2026\/03\/Saison-2026-fb.png\",\"datePublished\":\"2023-03-01T17:34:28+00:00\",\"dateModified\":\"2026-04-30T13:28:39+00:00\",\"description\":\"D\u00e9couvrez \u00e0 Tours ce jeu de piste ludique et p\u00e9dagogique pour explorer la ville autrement avec des enfants !\",\"breadcrumb\":{\"@id\":\"https:\/\/vadrouilleriesetcie.fr\/#breadcrumb\"},\"inLanguage\":\"fr-FR\",\"potentialAction\":[{\"@type\":\"ReadAction\",\"target\":[\"https:\/\/vadrouilleriesetcie.fr\/\"]}]},{\"@type\":\"ImageObject\",\"inLanguage\":\"fr-FR\",\"@id\":\"https:\/\/vadrouilleriesetcie.fr\/#primaryimage\",\"url\":\"https:\/\/vadrouilleriesetcie.fr\/wp-content\/uploads\/2026\/03\/Saison-2026-fb.png\",\"contentUrl\":\"https:\/\/vadrouilleriesetcie.fr\/wp-content\/uploads\/2026\/03\/Saison-2026-fb.png\",\"width\":940,\"height\":788},{\"@type\":\"BreadcrumbList\",\"@id\":\"https:\/\/vadrouilleriesetcie.fr\/#breadcrumb\",\"itemListElement\":[{\"@type\":\"ListItem\",\"position\":1,\"name\":\"Home\",\"item\":\"https:\/\/vadrouilleriesetcie.fr\/\"},{\"@type\":\"ListItem\",\"position\":2,\"name\":\"\u00c0 la recherche du gardien de Tours\u00a0: votre jeu de piste \u00e0 Tours\"}]},{\"@type\":\"WebSite\",\"@id\":\"https:\/\/vadrouilleriesetcie.fr\/#website\",\"url\":\"https:\/\/vadrouilleriesetcie.fr\/\",\"name\":\"Vadrouilleries & Cie\",\"description\":\"\",\"publisher\":{\"@id\":\"https:\/\/vadrouilleriesetcie.fr\/#organization\"},\"potentialAction\":[{\"@type\":\"SearchAction\",\"target\":{\"@type\":\"EntryPoint\",\"urlTemplate\":\"https:\/\/vadrouilleriesetcie.fr\/?s={search_term_string}\"},\"query-input\":{\"@type\":\"PropertyValueSpecification\",\"valueRequired\":true,\"valueName\":\"search_term_string\"}}],\"inLanguage\":\"fr-FR\"},{\"@type\":\"Organization\",\"@id\":\"https:\/\/vadrouilleriesetcie.fr\/#organization\",\"name\":\"Vadrouilleries & Cie\",\"url\":\"https:\/\/vadrouilleriesetcie.fr\/\",\"logo\":{\"@type\":\"ImageObject\",\"inLanguage\":\"fr-FR\",\"@id\":\"https:\/\/vadrouilleriesetcie.fr\/#\/schema\/logo\/image\/\",\"url\":\"https:\/\/vadrouilleriesetcie.fr\/wp-content\/uploads\/2023\/03\/cropped-LOGO-FINI-1.png\",\"contentUrl\":\"https:\/\/vadrouilleriesetcie.fr\/wp-content\/uploads\/2023\/03\/cropped-LOGO-FINI-1.png\",\"width\":1165,\"height\":1196,\"caption\":\"Vadrouilleries & Cie\"},\"image\":{\"@id\":\"https:\/\/vadrouilleriesetcie.fr\/#\/schema\/logo\/image\/\"},\"sameAs\":[\"https:\/\/www.facebook.com\/vadrouilleries.et.cie\"]}]}<\/script>\n<!-- \/ Yoast SEO plugin. -->","yoast_head_json":{"title":"Jeu de piste Tours : Vadrouilleries & Cie","description":"D\u00e9couvrez \u00e0 Tours ce jeu de piste ludique et p\u00e9dagogique pour explorer la ville autrement avec des enfants !","robots":{"index":"index","follow":"follow","max-snippet":"max-snippet:-1","max-image-preview":"max-image-preview:large","max-video-preview":"max-video-preview:-1"},"canonical":"https:\/\/vadrouilleriesetcie.fr\/","og_locale":"fr_FR","og_type":"article","og_title":"Jeu de piste Tours : Vadrouilleries & Cie","og_description":"D\u00e9couvrez \u00e0 Tours ce jeu de piste ludique et p\u00e9dagogique pour explorer la ville autrement avec des enfants !","og_url":"https:\/\/vadrouilleriesetcie.fr\/","og_site_name":"Vadrouilleries &amp; Cie","article_publisher":"https:\/\/www.facebook.com\/vadrouilleries.et.cie","article_modified_time":"2026-04-30T13:28:39+00:00","og_image":[{"width":940,"height":788,"url":"https:\/\/vadrouilleriesetcie.fr\/wp-content\/uploads\/2026\/03\/Saison-2026-fb.png","type":"image\/png"}],"twitter_card":"summary_large_image","twitter_misc":{"Dur\u00e9e de lecture estim\u00e9e":"2 minutes"},"schema":{"@context":"https:\/\/schema.org","@graph":[{"@type":"WebPage","@id":"https:\/\/vadrouilleriesetcie.fr\/","url":"https:\/\/vadrouilleriesetcie.fr\/","name":"Jeu de piste Tours : Vadrouilleries & Cie","isPartOf":{"@id":"https:\/\/vadrouilleriesetcie.fr\/#website"},"primaryImageOfPage":{"@id":"https:\/\/vadrouilleriesetcie.fr\/#primaryimage"},"image":{"@id":"https:\/\/vadrouilleriesetcie.fr\/#primaryimage"},"thumbnailUrl":"https:\/\/vadrouilleriesetcie.fr\/wp-content\/uploads\/2026\/03\/Saison-2026-fb.png","datePublished":"2023-03-01T17:34:28+00:00","dateModified":"2026-04-30T13:28:39+00:00","description":"D\u00e9couvrez \u00e0 Tours ce jeu de piste ludique et p\u00e9dagogique pour explorer la ville autrement avec des enfants !","breadcrumb":{"@id":"https:\/\/vadrouilleriesetcie.fr\/#breadcrumb"},"inLanguage":"fr-FR","potentialAction":[{"@type":"ReadAction","target":["https:\/\/vadrouilleriesetcie.fr\/"]}]},{"@type":"ImageObject","inLanguage":"fr-FR","@id":"https:\/\/vadrouilleriesetcie.fr\/#primaryimage","url":"https:\/\/vadrouilleriesetcie.fr\/wp-content\/uploads\/2026\/03\/Saison-2026-fb.png","contentUrl":"https:\/\/vadrouilleriesetcie.fr\/wp-content\/uploads\/2026\/03\/Saison-2026-fb.png","width":940,"height":788},{"@type":"BreadcrumbList","@id":"https:\/\/vadrouilleriesetcie.fr\/#breadcrumb","itemListElement":[{"@type":"ListItem","position":1,"name":"Home","item":"https:\/\/vadrouilleriesetcie.fr\/"},{"@type":"ListItem","position":2,"name":"\u00c0 la recherche du gardien de Tours\u00a0: votre jeu de piste \u00e0 Tours"}]},{"@type":"WebSite","@id":"https:\/\/vadrouilleriesetcie.fr\/#website","url":"https:\/\/vadrouilleriesetcie.fr\/","name":"Vadrouilleries & Cie","description":"","publisher":{"@id":"https:\/\/vadrouilleriesetcie.fr\/#organization"},"potentialAction":[{"@type":"SearchAction","target":{"@type":"EntryPoint","urlTemplate":"https:\/\/vadrouilleriesetcie.fr\/?s={search_term_string}"},"query-input":{"@type":"PropertyValueSpecification","valueRequired":true,"valueName":"search_term_string"}}],"inLanguage":"fr-FR"},{"@type":"Organization","@id":"https:\/\/vadrouilleriesetcie.fr\/#organization","name":"Vadrouilleries & Cie","url":"https:\/\/vadrouilleriesetcie.fr\/","logo":{"@type":"ImageObject","inLanguage":"fr-FR","@id":"https:\/\/vadrouilleriesetcie.fr\/#\/schema\/logo\/image\/","url":"https:\/\/vadrouilleriesetcie.fr\/wp-content\/uploads\/2023\/03\/cropped-LOGO-FINI-1.png","contentUrl":"https:\/\/vadrouilleriesetcie.fr\/wp-content\/uploads\/2023\/03\/cropped-LOGO-FINI-1.png","width":1165,"height":1196,"caption":"Vadrouilleries & Cie"},"image":{"@id":"https:\/\/vadrouilleriesetcie.fr\/#\/schema\/logo\/image\/"},"sameAs":["https:\/\/www.facebook.com\/vadrouilleries.et.cie"]}]}},"uagb_featured_image_src":{"full":false,"thumbnail":false,"medium":false,"medium_large":false,"large":false,"1536x1536":false,"2048x2048":false},"uagb_author_info":{"display_name":"vadrouilleries.et.cie@gmail.com","author_link":"https:\/\/vadrouilleriesetcie.fr\/index.php\/author\/vadrouilleries-et-ciegmail-com\/"},"uagb_comment_info":0,"uagb_excerpt":"Vous cherchez une activit\u00e9 originale et conviviale \u00e0 faire en famille \u00e0 Tours ?Et si vous transformiez la d\u00e9couverte de la ville en une v\u00e9ritable&hellip;","_links":{"self":[{"href":"https:\/\/vadrouilleriesetcie.fr\/index.php\/wp-json\/wp\/v2\/pages\/61","targetHints":{"allow":["GET"]}}],"collection":[{"href":"https:\/\/vadrouilleriesetcie.fr\/index.php\/wp-json\/wp\/v2\/pages"}],"about":[{"href":"https:\/\/vadrouilleriesetcie.fr\/index.php\/wp-json\/wp\/v2\/types\/page"}],"author":[{"embeddable":true,"href":"https:\/\/vadrouilleriesetcie.fr\/index.php\/wp-json\/wp\/v2\/users\/1"}],"replies":[{"embeddable":true,"href":"https:\/\/vadrouilleriesetcie.fr\/index.php\/wp-json\/wp\/v2\/comments?post=61"}],"version-history":[{"count":67,"href":"https:\/\/vadrouilleriesetcie.fr\/index.php\/wp-json\/wp\/v2\/pages\/61\/revisions"}],"predecessor-version":[{"id":736,"href":"https:\/\/vadrouilleriesetcie.fr\/index.php\/wp-json\/wp\/v2\/pages\/61\/revisions\/736"}],"wp:attachment":[{"href":"https:\/\/vadrouilleriesetcie.fr\/index.php\/wp-json\/wp\/v2\/media?parent=61"}],"curies":[{"name":"wp","href":"https:\/\/api.w.org\/{rel}","templated":true}]}}