{"id":140,"date":"2023-03-20T15:27:03","date_gmt":"2023-03-20T15:27:03","guid":{"rendered":"https:\/\/vadrouilleriesetcie.fr\/?page_id=140"},"modified":"2023-03-22T13:23:11","modified_gmt":"2023-03-22T13:23:11","slug":"mentions-legales","status":"publish","type":"page","link":"https:\/\/vadrouilleriesetcie.fr\/index.php\/mentions-legales\/","title":{"rendered":"Mentions l\u00e9gales de Vadrouilleries &#038; Cie"},"content":{"rendered":"\n<p><font _mstmutation=\"1\"><font _mstmutation=\"1\"><strong _msttexthash=\"3043911\" _msthash=\"319\">IDENTIFICATION DE L\u2019\u00c9DITEUR<\/strong><\/font><\/p>\n\n\n\n<p>Le site Vadrouilleries &amp; Cie (ci-apr\u00e8s \u00ab&nbsp;<strong>le Site<\/strong>&nbsp;\u00bb), accessible \u00e0 l\u2019adresse http:\/\/www.vadrouilleriesetcie.fr est \u00e9dit\u00e9 par Cl\u00e9mentine S\u00e9n\u00e9chal (ci-apr\u00e8s \u00ab&nbsp;<strong>l&rsquo;Editeur<\/strong>&nbsp;\u00bb), dont le domicile est situ\u00e9 20 Rue de Normandie, 37300 Jou\u00e9-l\u00e8s-Tours, France. Il est immatricul\u00e9 au RCS de Tours sous le num\u00e9ro 913217469.<\/p>\n\n\n\n<p>L&rsquo;\u00c9diteur peut \u00eatre contact\u00e9 \u00e0 l\u2019adresse mail vadrouilleries.et.cie@gmail.com ou au num\u00e9ro 07 64 54 24 97.<\/p>\n\n\n\n<p><strong>H\u00c9BERGEUR DU SITE INTERNET<\/strong><\/p>\n\n\n\n<p>Le site Vadrouilleriesetcie est h\u00e9berg\u00e9 par HOSTINGER INTERNATIONAL LTD, dont le si\u00e8ge social se situe 61 Lordou Vironos Street, 6023 Larnaca, Chypre.<\/p>\n\n\n\n<p>L\u2019h\u00e9bergeur est joignable par le moyen suivant&nbsp;: https:\/\/www.hostinger.fr\/contact.<\/p>\n\n\n\n<p><strong>COLLECTE DE DONN\u00c9ES PERSONNELLES<\/strong><\/p>\n\n\n\n<p>Conform\u00e9ment aux dispositions de la loi n\u00b0 78-17 du 6 janvier 1978 modifi\u00e9e, relative \u00e0 l&rsquo;informatique, aux fichiers et aux libert\u00e9s, l\u2019utilisateur est inform\u00e9 que l&rsquo;\u00c9diteur proc\u00e8de \u00e0 la collecte et au traitement de donn\u00e9es personnelles, lors de la connexion au Site.<\/p>\n\n\n\n<p>Les donn\u00e9es collect\u00e9es servent principalement \u00e0 permettre la mise \u00e0 disposition de la Plateforme, son optimisation et sa s\u00e9curisation afin d\u2019offrir aux utilisateurs un service de la meilleure qualit\u00e9 possible. Des donn\u00e9es suppl\u00e9mentaires pourront \u00e9ventuellement \u00eatre collect\u00e9es par l&rsquo;\u00c9diteur pour permettre la bonne ex\u00e9cution de contrats commerciaux conclus par l\u2019entremise de la Plateforme avec l\u2019utilisateur.<\/p>\n\n\n\n<p>L\u2019utilisateur est inform\u00e9 qu\u2019il dispose d&rsquo;un droit d&rsquo;acc\u00e8s, d&rsquo;interrogation, de modification et de suppression des informations qui le concernent, \u00e0 exercer \u00e0 tout moment aupr\u00e8s de l&rsquo;\u00c9diteur soit directement sur le Site, soit par courrier postal adress\u00e9 au None soit par e-mail \u00e0 l\u2019adresse vadrouilleries.et.cie@gmail.com.<\/p>\n\n\n\n<p>Les informations recueillies pourront \u00e9ventuellement \u00eatre partag\u00e9es \u00e0 des tiers r\u00e9sidant dans l\u2019Union Europ\u00e9enne dans les cas suivants&nbsp;:<\/p>\n\n\n\n<ul class=\"wp-block-list\">\n<li>Lorsque l\u2019utilisateur publie, dans une zone de commentaire, des informations accessibles au public&nbsp;;<\/li>\n\n\n\n<li>Lorsque l\u2019utilisateur y consent express\u00e9ment&nbsp;;<\/li>\n\n\n\n<li>Lorsque la loi l\u2019exige ou afin de coop\u00e9rer \u00e0 une enqu\u00eate judiciaire \u00e0 la demande expr\u00e8s d\u2019un d\u00e9tenteur de l\u2019autorit\u00e9 publique&nbsp;;<\/li>\n\n\n\n<li>Pour l\u2019ex\u00e9cution de prestations commerciales pour lesquelles est rendue n\u00e9cessaire la coop\u00e9ration d\u2019un tiers, notamment dans le cas o\u00f9 l\u2019\u00c9diteur choisirait de sous-traiter certaines de ses prestations par l\u2019entremise de Services Tiers.<\/li>\n<\/ul>\n\n\n\n<p>Lorsque certaines informations sont obligatoires pour acc\u00e9der \u00e0 des fonctionnalit\u00e9s sp\u00e9cifiques du Site, l&rsquo;\u00c9diteur indiquera ce caract\u00e8re obligatoire au moment de la saisie des donn\u00e9es.<\/p>\n\n\n\n<p>Les donn\u00e9es personnelles collect\u00e9es ne seront conserv\u00e9es que le temps n\u00e9cessaire pour permettre la bonne utilisation du Site, emp\u00eacher les fraudes et abus, et satisfaire aux obligations l\u00e9gales et r\u00e9glementaires de l&rsquo;\u00c9diteur concernant la gestion du Site.<\/p>\n\n\n\n<p><strong>RESPECT DE LA PROPRI\u00c9T\u00c9 INTELLECTUELLE<\/strong><\/p>\n\n\n\n<p>Toutes les marques, photographies, textes, commentaires, illustrations, images anim\u00e9es ou non, s\u00e9quences vid\u00e9o, sons, ainsi que toutes les applications informatiques qui pourraient \u00eatre utilis\u00e9es pour faire fonctionner le Site, et plus g\u00e9n\u00e9ralement tous les \u00e9l\u00e9ments reproduits ou utilis\u00e9s sur le Site, sont prot\u00e9g\u00e9s par les lois en vigueur au titre de la propri\u00e9t\u00e9 intellectuelle.<\/p>\n\n\n\n<p>Ils sont la propri\u00e9t\u00e9 pleine et enti\u00e8re de l&rsquo;\u00c9diteur ou de ses partenaires, sauf mentions particuli\u00e8res. Toute reproduction, repr\u00e9sentation, utilisation ou adaptation, sous quelque forme que ce soit, de tout ou partie de ces \u00e9l\u00e9ments, y compris les applications informatiques, sans l&rsquo;accord pr\u00e9alable et \u00e9crit de l&rsquo;\u00c9diteur, sont strictement interdites. Le fait pour l&rsquo;\u00c9diteur de ne pas engager de proc\u00e9dure d\u00e8s la prise de connaissance de ces utilisations non autoris\u00e9es ne vaut pas acceptation desdites utilisations et renonciation aux poursuites.<\/p>\n\n\n\n<p>Seule l&rsquo;utilisation pour un usage priv\u00e9 dans un cercle de famille est autoris\u00e9e et toute autre utilisation est constitutive de contrefa\u00e7on et\/ou d&rsquo;atteinte aux droits voisins, sanctionn\u00e9es par Code de la propri\u00e9t\u00e9 intellectuelle.<\/p>\n\n\n\n<p>La reprise de tout ou partie de ce contenu n\u00e9cessite l&rsquo;autorisation pr\u00e9alable de l&rsquo;\u00c9diteur ou du titulaire des droits sur ce contenu.<\/p>\n\n\n\n<p><strong>LIENS HYPERTEXTES<\/strong><\/p>\n\n\n\n<p>Le Site peut contenir des liens hypertextes donnant acc\u00e8s \u00e0 d&rsquo;autres sites web \u00e9dit\u00e9s et g\u00e9r\u00e9s par des tiers et non par l&rsquo;\u00c9diteur. L&rsquo;\u00c9diteur ne pourra \u00eatre tenu responsable directement ou indirectement dans le cas o\u00f9 lesdits sites tiers ne respecteraient pas les dispositions l\u00e9gales.<\/p>\n\n\n\n<p>La cr\u00e9ation de liens hypertextes vers le Site ne peut \u00eatre faite qu&rsquo;avec l&rsquo;autorisation \u00e9crite et pr\u00e9alable de l&rsquo;\u00c9diteur.<\/p>\n","protected":false},"excerpt":{"rendered":"<p>IDENTIFICATION DE L\u2019\u00c9DITEUR Le site Vadrouilleries &amp; Cie (ci-apr\u00e8s \u00ab&nbsp;le Site&nbsp;\u00bb), accessible \u00e0 l\u2019adresse http:\/\/www.vadrouilleriesetcie.fr est \u00e9dit\u00e9 par Cl\u00e9mentine S\u00e9n\u00e9chal (ci-apr\u00e8s \u00ab&nbsp;l&rsquo;Editeur&nbsp;\u00bb), dont le domicile&hellip;<\/p>\n","protected":false},"author":1,"featured_media":0,"parent":0,"menu_order":0,"comment_status":"closed","ping_status":"closed","template":"","meta":{"_uag_custom_page_level_css":"","footnotes":""},"class_list":["post-140","page","type-page","status-publish","hentry"],"yoast_head":"<!-- This site is optimized with the Yoast SEO plugin v26.0 - https:\/\/yoast.com\/wordpress\/plugins\/seo\/ -->\n<title>Mentions l\u00e9gales de Vadrouilleries &amp; Cie - Vadrouilleries &amp; Cie<\/title>\n<meta name=\"robots\" content=\"index, follow, max-snippet:-1, max-image-preview:large, max-video-preview:-1\" \/>\n<link rel=\"canonical\" href=\"https:\/\/vadrouilleriesetcie.fr\/index.php\/mentions-legales\/\" \/>\n<meta property=\"og:locale\" content=\"fr_FR\" \/>\n<meta property=\"og:type\" content=\"article\" \/>\n<meta property=\"og:title\" content=\"Mentions l\u00e9gales de Vadrouilleries &amp; Cie - Vadrouilleries &amp; Cie\" \/>\n<meta property=\"og:description\" content=\"IDENTIFICATION DE L\u2019\u00c9DITEUR Le site Vadrouilleries &amp; Cie (ci-apr\u00e8s \u00ab&nbsp;le Site&nbsp;\u00bb), accessible \u00e0 l\u2019adresse http:\/\/www.vadrouilleriesetcie.fr est \u00e9dit\u00e9 par Cl\u00e9mentine S\u00e9n\u00e9chal (ci-apr\u00e8s \u00ab&nbsp;l&rsquo;Editeur&nbsp;\u00bb), dont le domicile&hellip;\" \/>\n<meta property=\"og:url\" content=\"https:\/\/vadrouilleriesetcie.fr\/index.php\/mentions-legales\/\" \/>\n<meta property=\"og:site_name\" content=\"Vadrouilleries &amp; Cie\" \/>\n<meta property=\"article:publisher\" content=\"https:\/\/www.facebook.com\/vadrouilleries.et.cie\" \/>\n<meta property=\"article:modified_time\" content=\"2023-03-22T13:23:11+00:00\" \/>\n<meta name=\"twitter:card\" content=\"summary_large_image\" \/>\n<meta name=\"twitter:label1\" content=\"Dur\u00e9e de lecture estim\u00e9e\" \/>\n\t<meta name=\"twitter:data1\" content=\"4 minutes\" \/>\n<script type=\"application\/ld+json\" class=\"yoast-schema-graph\">{\"@context\":\"https:\/\/schema.org\",\"@graph\":[{\"@type\":\"WebPage\",\"@id\":\"https:\/\/vadrouilleriesetcie.fr\/index.php\/mentions-legales\/\",\"url\":\"https:\/\/vadrouilleriesetcie.fr\/index.php\/mentions-legales\/\",\"name\":\"Mentions l\u00e9gales de Vadrouilleries & Cie - Vadrouilleries &amp; Cie\",\"isPartOf\":{\"@id\":\"https:\/\/vadrouilleriesetcie.fr\/#website\"},\"datePublished\":\"2023-03-20T15:27:03+00:00\",\"dateModified\":\"2023-03-22T13:23:11+00:00\",\"breadcrumb\":{\"@id\":\"https:\/\/vadrouilleriesetcie.fr\/index.php\/mentions-legales\/#breadcrumb\"},\"inLanguage\":\"fr-FR\",\"potentialAction\":[{\"@type\":\"ReadAction\",\"target\":[\"https:\/\/vadrouilleriesetcie.fr\/index.php\/mentions-legales\/\"]}]},{\"@type\":\"BreadcrumbList\",\"@id\":\"https:\/\/vadrouilleriesetcie.fr\/index.php\/mentions-legales\/#breadcrumb\",\"itemListElement\":[{\"@type\":\"ListItem\",\"position\":1,\"name\":\"Home\",\"item\":\"https:\/\/vadrouilleriesetcie.fr\/\"},{\"@type\":\"ListItem\",\"position\":2,\"name\":\"Mentions l\u00e9gales de Vadrouilleries &#038; Cie\"}]},{\"@type\":\"WebSite\",\"@id\":\"https:\/\/vadrouilleriesetcie.fr\/#website\",\"url\":\"https:\/\/vadrouilleriesetcie.fr\/\",\"name\":\"Vadrouilleries & Cie\",\"description\":\"\",\"publisher\":{\"@id\":\"https:\/\/vadrouilleriesetcie.fr\/#organization\"},\"potentialAction\":[{\"@type\":\"SearchAction\",\"target\":{\"@type\":\"EntryPoint\",\"urlTemplate\":\"https:\/\/vadrouilleriesetcie.fr\/?s={search_term_string}\"},\"query-input\":{\"@type\":\"PropertyValueSpecification\",\"valueRequired\":true,\"valueName\":\"search_term_string\"}}],\"inLanguage\":\"fr-FR\"},{\"@type\":\"Organization\",\"@id\":\"https:\/\/vadrouilleriesetcie.fr\/#organization\",\"name\":\"Vadrouilleries & Cie\",\"url\":\"https:\/\/vadrouilleriesetcie.fr\/\",\"logo\":{\"@type\":\"ImageObject\",\"inLanguage\":\"fr-FR\",\"@id\":\"https:\/\/vadrouilleriesetcie.fr\/#\/schema\/logo\/image\/\",\"url\":\"https:\/\/vadrouilleriesetcie.fr\/wp-content\/uploads\/2023\/03\/cropped-LOGO-FINI-1.png\",\"contentUrl\":\"https:\/\/vadrouilleriesetcie.fr\/wp-content\/uploads\/2023\/03\/cropped-LOGO-FINI-1.png\",\"width\":1165,\"height\":1196,\"caption\":\"Vadrouilleries & Cie\"},\"image\":{\"@id\":\"https:\/\/vadrouilleriesetcie.fr\/#\/schema\/logo\/image\/\"},\"sameAs\":[\"https:\/\/www.facebook.com\/vadrouilleries.et.cie\"]}]}<\/script>\n<!-- \/ Yoast SEO plugin. -->","yoast_head_json":{"title":"Mentions l\u00e9gales de Vadrouilleries & Cie - Vadrouilleries &amp; Cie","robots":{"index":"index","follow":"follow","max-snippet":"max-snippet:-1","max-image-preview":"max-image-preview:large","max-video-preview":"max-video-preview:-1"},"canonical":"https:\/\/vadrouilleriesetcie.fr\/index.php\/mentions-legales\/","og_locale":"fr_FR","og_type":"article","og_title":"Mentions l\u00e9gales de Vadrouilleries & Cie - Vadrouilleries &amp; Cie","og_description":"IDENTIFICATION DE L\u2019\u00c9DITEUR Le site Vadrouilleries &amp; Cie (ci-apr\u00e8s \u00ab&nbsp;le Site&nbsp;\u00bb), accessible \u00e0 l\u2019adresse http:\/\/www.vadrouilleriesetcie.fr est \u00e9dit\u00e9 par Cl\u00e9mentine S\u00e9n\u00e9chal (ci-apr\u00e8s \u00ab&nbsp;l&rsquo;Editeur&nbsp;\u00bb), dont le domicile&hellip;","og_url":"https:\/\/vadrouilleriesetcie.fr\/index.php\/mentions-legales\/","og_site_name":"Vadrouilleries &amp; Cie","article_publisher":"https:\/\/www.facebook.com\/vadrouilleries.et.cie","article_modified_time":"2023-03-22T13:23:11+00:00","twitter_card":"summary_large_image","twitter_misc":{"Dur\u00e9e de lecture estim\u00e9e":"4 minutes"},"schema":{"@context":"https:\/\/schema.org","@graph":[{"@type":"WebPage","@id":"https:\/\/vadrouilleriesetcie.fr\/index.php\/mentions-legales\/","url":"https:\/\/vadrouilleriesetcie.fr\/index.php\/mentions-legales\/","name":"Mentions l\u00e9gales de Vadrouilleries & Cie - Vadrouilleries &amp; Cie","isPartOf":{"@id":"https:\/\/vadrouilleriesetcie.fr\/#website"},"datePublished":"2023-03-20T15:27:03+00:00","dateModified":"2023-03-22T13:23:11+00:00","breadcrumb":{"@id":"https:\/\/vadrouilleriesetcie.fr\/index.php\/mentions-legales\/#breadcrumb"},"inLanguage":"fr-FR","potentialAction":[{"@type":"ReadAction","target":["https:\/\/vadrouilleriesetcie.fr\/index.php\/mentions-legales\/"]}]},{"@type":"BreadcrumbList","@id":"https:\/\/vadrouilleriesetcie.fr\/index.php\/mentions-legales\/#breadcrumb","itemListElement":[{"@type":"ListItem","position":1,"name":"Home","item":"https:\/\/vadrouilleriesetcie.fr\/"},{"@type":"ListItem","position":2,"name":"Mentions l\u00e9gales de Vadrouilleries &#038; Cie"}]},{"@type":"WebSite","@id":"https:\/\/vadrouilleriesetcie.fr\/#website","url":"https:\/\/vadrouilleriesetcie.fr\/","name":"Vadrouilleries & Cie","description":"","publisher":{"@id":"https:\/\/vadrouilleriesetcie.fr\/#organization"},"potentialAction":[{"@type":"SearchAction","target":{"@type":"EntryPoint","urlTemplate":"https:\/\/vadrouilleriesetcie.fr\/?s={search_term_string}"},"query-input":{"@type":"PropertyValueSpecification","valueRequired":true,"valueName":"search_term_string"}}],"inLanguage":"fr-FR"},{"@type":"Organization","@id":"https:\/\/vadrouilleriesetcie.fr\/#organization","name":"Vadrouilleries & Cie","url":"https:\/\/vadrouilleriesetcie.fr\/","logo":{"@type":"ImageObject","inLanguage":"fr-FR","@id":"https:\/\/vadrouilleriesetcie.fr\/#\/schema\/logo\/image\/","url":"https:\/\/vadrouilleriesetcie.fr\/wp-content\/uploads\/2023\/03\/cropped-LOGO-FINI-1.png","contentUrl":"https:\/\/vadrouilleriesetcie.fr\/wp-content\/uploads\/2023\/03\/cropped-LOGO-FINI-1.png","width":1165,"height":1196,"caption":"Vadrouilleries & Cie"},"image":{"@id":"https:\/\/vadrouilleriesetcie.fr\/#\/schema\/logo\/image\/"},"sameAs":["https:\/\/www.facebook.com\/vadrouilleries.et.cie"]}]}},"uagb_featured_image_src":{"full":false,"thumbnail":false,"medium":false,"medium_large":false,"large":false,"1536x1536":false,"2048x2048":false},"uagb_author_info":{"display_name":"vadrouilleries.et.cie@gmail.com","author_link":"https:\/\/vadrouilleriesetcie.fr\/index.php\/author\/vadrouilleries-et-ciegmail-com\/"},"uagb_comment_info":0,"uagb_excerpt":"IDENTIFICATION DE L\u2019\u00c9DITEUR Le site Vadrouilleries &amp; Cie (ci-apr\u00e8s \u00ab&nbsp;le Site&nbsp;\u00bb), accessible \u00e0 l\u2019adresse http:\/\/www.vadrouilleriesetcie.fr est \u00e9dit\u00e9 par Cl\u00e9mentine S\u00e9n\u00e9chal (ci-apr\u00e8s \u00ab&nbsp;l&rsquo;Editeur&nbsp;\u00bb), dont le domicile&hellip;","_links":{"self":[{"href":"https:\/\/vadrouilleriesetcie.fr\/index.php\/wp-json\/wp\/v2\/pages\/140","targetHints":{"allow":["GET"]}}],"collection":[{"href":"https:\/\/vadrouilleriesetcie.fr\/index.php\/wp-json\/wp\/v2\/pages"}],"about":[{"href":"https:\/\/vadrouilleriesetcie.fr\/index.php\/wp-json\/wp\/v2\/types\/page"}],"author":[{"embeddable":true,"href":"https:\/\/vadrouilleriesetcie.fr\/index.php\/wp-json\/wp\/v2\/users\/1"}],"replies":[{"embeddable":true,"href":"https:\/\/vadrouilleriesetcie.fr\/index.php\/wp-json\/wp\/v2\/comments?post=140"}],"version-history":[{"count":2,"href":"https:\/\/vadrouilleriesetcie.fr\/index.php\/wp-json\/wp\/v2\/pages\/140\/revisions"}],"predecessor-version":[{"id":217,"href":"https:\/\/vadrouilleriesetcie.fr\/index.php\/wp-json\/wp\/v2\/pages\/140\/revisions\/217"}],"wp:attachment":[{"href":"https:\/\/vadrouilleriesetcie.fr\/index.php\/wp-json\/wp\/v2\/media?parent=140"}],"curies":[{"name":"wp","href":"https:\/\/api.w.org\/{rel}","templated":true}]}}